{"id":527,"date":"2019-08-12T17:19:53","date_gmt":"2019-08-13T00:19:53","guid":{"rendered":"http:\/\/www.dlrautotransportes.net\/bolsadetrabajo\/?page_id=527"},"modified":"2021-04-03T09:52:59","modified_gmt":"2021-04-03T16:52:59","slug":"bolsadetrabjo","status":"publish","type":"page","link":"https:\/\/www.dlrautotransportes.net\/bolsadetrabajo\/","title":{"rendered":"Home"},"content":{"rendered":"\t\t<div data-elementor-type=\"wp-post\" data-elementor-id=\"527\" class=\"elementor elementor-527\" data-elementor-settings=\"[]\">\n\t\t\t\t\t\t<div class=\"elementor-inner\">\n\t\t\t\t\t\t\t<div class=\"elementor-section-wrap\">\n\t\t\t\t\t\t\t<section class=\"elementor-section elementor-top-section elementor-element elementor-element-053eb7f elementor-section-content-middle elementor-section-boxed elementor-section-height-default elementor-section-height-default\" data-id=\"053eb7f\" data-element_type=\"section\">\n\t\t\t\t\t\t<div class=\"elementor-container elementor-column-gap-default\">\n\t\t\t\t\t\t\t<div class=\"elementor-row\">\n\t\t\t\t\t<div class=\"elementor-column elementor-col-50 elementor-top-column elementor-element elementor-element-0780a50\" data-id=\"0780a50\" data-element_type=\"column\">\n\t\t\t<div class=\"elementor-column-wrap elementor-element-populated\">\n\t\t\t\t\t\t\t<div class=\"elementor-widget-wrap\">\n\t\t\t\t\t\t<div class=\"elementor-element elementor-element-e739639 elementor-widget elementor-widget-heading\" data-id=\"e739639\" data-element_type=\"widget\" data-widget_type=\"heading.default\">\n\t\t\t\t<div class=\"elementor-widget-container\">\n\t\t\t<h1 class=\"elementor-heading-title elementor-size-default\">Trabaja con \nnosotros.<\/h1>\t\t<\/div>\n\t\t\t\t<\/div>\n\t\t\t\t\t\t<\/div>\n\t\t\t\t\t<\/div>\n\t\t<\/div>\n\t\t\t\t<div class=\"elementor-column elementor-col-50 elementor-top-column elementor-element elementor-element-83534ac\" data-id=\"83534ac\" data-element_type=\"column\">\n\t\t\t<div class=\"elementor-column-wrap elementor-element-populated\">\n\t\t\t\t\t\t\t<div class=\"elementor-widget-wrap\">\n\t\t\t\t\t\t<div class=\"elementor-element elementor-element-71e5438 elementor-widget elementor-widget-text-editor\" data-id=\"71e5438\" data-element_type=\"widget\" data-widget_type=\"text-editor.default\">\n\t\t\t\t<div class=\"elementor-widget-container\">\n\t\t\t\t\t<div class=\"elementor-text-editor elementor-clearfix\"><p>En la siguiente lista, puede encontrar puestos de trabajo publicados por nosotros para usted, haga clic en los puestos que le interesan, complete el formulario, adjunte su curriculum y env\u00ede su solicitud.<\/p><\/div>\n\t\t\t\t<\/div>\n\t\t\t\t<\/div>\n\t\t\t\t\t\t<\/div>\n\t\t\t\t\t<\/div>\n\t\t<\/div>\n\t\t\t\t\t\t\t\t<\/div>\n\t\t\t\t\t<\/div>\n\t\t<\/section>\n\t\t\t\t<section class=\"elementor-section elementor-top-section elementor-element elementor-element-032ad82 elementor-section-stretched elementor-section-full_width section_job_accordion elementor-section-height-default elementor-section-height-default\" data-id=\"032ad82\" data-element_type=\"section\" data-settings=\"{&quot;stretch_section&quot;:&quot;section-stretched&quot;,&quot;background_background&quot;:&quot;classic&quot;}\">\n\t\t\t\t\t\t<div class=\"elementor-container elementor-column-gap-default\">\n\t\t\t\t\t\t\t<div class=\"elementor-row\">\n\t\t\t\t\t<div class=\"elementor-column elementor-col-100 elementor-top-column elementor-element elementor-element-aeea849\" data-id=\"aeea849\" data-element_type=\"column\">\n\t\t\t<div class=\"elementor-column-wrap elementor-element-populated\">\n\t\t\t\t\t\t\t<div class=\"elementor-widget-wrap\">\n\t\t\t\t\t\t<div class=\"elementor-element elementor-element-1f76cff elementor-widget elementor-widget-heading\" data-id=\"1f76cff\" data-element_type=\"widget\" data-widget_type=\"heading.default\">\n\t\t\t\t<div class=\"elementor-widget-container\">\n\t\t\t<h3 class=\"elementor-heading-title elementor-size-default\">Vacantes Mexicali, B.C.<\/h3>\t\t<\/div>\n\t\t\t\t<\/div>\n\t\t\t\t<div class=\"elementor-element elementor-element-2cab1e8 job_accordion_container elementor-widget elementor-widget-eael-adv-accordion\" data-id=\"2cab1e8\" data-element_type=\"widget\" data-widget_type=\"eael-adv-accordion.default\">\n\t\t\t\t<div class=\"elementor-widget-container\">\n\t\t\t        <div class=\"eael-adv-accordion\" id=\"eael-adv-accordion-2cab1e8\" data-accordion-id=\"2cab1e8\" data-accordion-type=\"toggle\" data-toogle-speed=\"300\">\n    <div class=\"eael-accordion-list\">\n                <div id=\"elementor-tab-title-4681\" class=\"elementor-tab-title eael-accordion-header\" tabindex=\"4681\" data-tab=\"1\" role=\"tab\" aria-controls=\"elementor-tab-content-4681\"><span class=\"eael-accordion-tab-title\">Operador Tractocami\u00f3n Local | Mexicali, B.C.<\/span><i class=\"fas fa-plus fa-toggle\"><\/i><\/div><div id=\"elementor-tab-content-4681\" class=\"eael-accordion-content clearfix\" data-tab=\"1\" role=\"tabpanel\" aria-labelledby=\"elementor-tab-title-4681\"><p><p>DLR Autotransportes Matriz Mexicali solicita operador de tractocami\u00f3n Local.<\/p><p><strong class=\"job_accordion_subtitle\">Requerimientos: <\/strong><\/p><ul><li>Experiencia m\u00ednima de 1 a\u00f1o<\/li><li>Licencia Federal Categor\u00eda \"B\"<\/li><li>Carta de No Antecedentes Penales<\/li><\/ul><p><strong class=\"job_accordion_subtitle\">M\u00e1s informaci\u00f3n:<br \/><\/strong><\/p><ul><li>(686)182 6742<\/li><li>5616353 ext. 118<\/li><li>Aplica dando click al bot\u00f3n de abajo<\/li><\/ul><p><strong>Ofrecemos:<\/strong><\/p><ul><li>Seguridad Social<\/li><li>Aguinaldo<\/li><li>D\u00edas de Descanso<\/li><li>Vacaciones<\/li><li>Prima Vacacional<\/li><li>Prima de Antig\u00fcedad<\/li><\/ul><p><a href=\"#\" class=\"su-button su-button-style-default btn_apply btn_apply_operador_mxl\" style=\"color:#FFFFFF;background-color:#001f3f;border-color:#001933;border-radius:0px;-moz-border-radius:0px;-webkit-border-radius:0px\" target=\"_self\"><span style=\"color:#FFFFFF;padding:0px 16px;font-size:13px;line-height:26px;border-color:#4d6379;border-radius:0px;-moz-border-radius:0px;-webkit-border-radius:0px;text-shadow:none;-moz-text-shadow:none;-webkit-text-shadow:none\"> APLICAR<\/span><\/a><\/p><\/p><\/div>\n                <\/div><div class=\"eael-accordion-list\">\n                <div id=\"elementor-tab-title-4682\" class=\"elementor-tab-title eael-accordion-header\" tabindex=\"4682\" data-tab=\"2\" role=\"tab\" aria-controls=\"elementor-tab-content-4682\"><span class=\"eael-accordion-tab-title\">Operador Tractocami\u00f3n | Mexicali, B.C.<\/span><i class=\"fas fa-plus fa-toggle\"><\/i><\/div><div id=\"elementor-tab-content-4682\" class=\"eael-accordion-content clearfix\" data-tab=\"2\" role=\"tabpanel\" aria-labelledby=\"elementor-tab-title-4682\"><p><p>DLR Autotransportes Matriz Mexicali solicita operador de tractocami\u00f3n.<\/p><p><strong class=\"job_accordion_subtitle\">Requerimientos: <\/strong><\/p><ul><li>Experiencia m\u00ednima de 3 a\u00f1os<\/li><li>Licencia Federal Categor\u00eda \"B\"<\/li><li>Carta de No Antecedentes Penales<\/li><\/ul><p><strong class=\"job_accordion_subtitle\">M\u00e1s informaci\u00f3n:<br \/><\/strong><\/p><ul><li>(686)182 6742<\/li><li>5616353 ext. 118<\/li><li>Aplica dando click al bot\u00f3n de abajo<\/li><\/ul><p><strong>Ofrecemos:<\/strong><\/p><ul><li>Seguridad Social<\/li><li>Aguinaldo<\/li><li>D\u00edas de Descanso<\/li><li>Vacaciones<\/li><li>Prima Vacacional<\/li><li>Prima de Antig\u00fcedad<\/li><\/ul><p><a href=\"#\" class=\"su-button su-button-style-default btn_apply btn_apply_operador_mxl\" style=\"color:#FFFFFF;background-color:#001f3f;border-color:#001933;border-radius:0px;-moz-border-radius:0px;-webkit-border-radius:0px\" target=\"_self\"><span style=\"color:#FFFFFF;padding:0px 16px;font-size:13px;line-height:26px;border-color:#4d6379;border-radius:0px;-moz-border-radius:0px;-webkit-border-radius:0px;text-shadow:none;-moz-text-shadow:none;-webkit-text-shadow:none\"> APLICAR<\/span><\/a><\/p><\/p><\/div>\n                <\/div><div class=\"eael-accordion-list\">\n                <div id=\"elementor-tab-title-4683\" class=\"elementor-tab-title eael-accordion-header\" tabindex=\"4683\" data-tab=\"3\" role=\"tab\" aria-controls=\"elementor-tab-content-4683\"><span class=\"eael-accordion-tab-title\">Operador Full Doble Remolque | Mexicali, B.C.<\/span><i class=\"fas fa-plus fa-toggle\"><\/i><\/div><div id=\"elementor-tab-content-4683\" class=\"eael-accordion-content clearfix\" data-tab=\"3\" role=\"tabpanel\" aria-labelledby=\"elementor-tab-title-4683\"><p><p>DLR Autotransportes solicita operador de full doble remolque<\/p><p><strong class=\"job_accordion_subtitle\">Requerimientos: <\/strong><\/p><ul><li>Experiencia m\u00ednima de 3 a\u00f1os<\/li><li>Licencia Federal Categor\u00eda \"B\"<\/li><\/ul><p><strong class=\"job_accordion_subtitle\">M\u00e1s informaci\u00f3n:<br \/><\/strong><\/p><ul><li>6861572322<\/li><li>5616353 ext. 109<\/li><li>Aplica dando click al bot\u00f3n de abajo<\/li><\/ul><p><a href=\"#\" class=\"su-button su-button-style-default btn_apply btn_apply_operador_mxl\" style=\"color:#FFFFFF;background-color:#001f3f;border-color:#001933;border-radius:0px;-moz-border-radius:0px;-webkit-border-radius:0px\" target=\"_self\"><span style=\"color:#FFFFFF;padding:0px 16px;font-size:13px;line-height:26px;border-color:#4d6379;border-radius:0px;-moz-border-radius:0px;-webkit-border-radius:0px;text-shadow:none;-moz-text-shadow:none;-webkit-text-shadow:none\"> APLICAR<\/span><\/a><\/p><\/p><\/div>\n                <\/div><\/div>\t\t<\/div>\n\t\t\t\t<\/div>\n\t\t\t\t\t\t<\/div>\n\t\t\t\t\t<\/div>\n\t\t<\/div>\n\t\t\t\t\t\t\t\t<\/div>\n\t\t\t\t\t<\/div>\n\t\t<\/section>\n\t\t\t\t<section class=\"elementor-section elementor-top-section elementor-element elementor-element-4906351b elementor-section-stretched elementor-section-full_width section_job_accordion elementor-section-height-default elementor-section-height-default\" data-id=\"4906351b\" data-element_type=\"section\" data-settings=\"{&quot;stretch_section&quot;:&quot;section-stretched&quot;,&quot;background_background&quot;:&quot;classic&quot;}\">\n\t\t\t\t\t\t<div class=\"elementor-container elementor-column-gap-default\">\n\t\t\t\t\t\t\t<div class=\"elementor-row\">\n\t\t\t\t\t<div class=\"elementor-column elementor-col-100 elementor-top-column elementor-element elementor-element-42d3c593\" data-id=\"42d3c593\" data-element_type=\"column\">\n\t\t\t<div class=\"elementor-column-wrap elementor-element-populated\">\n\t\t\t\t\t\t\t<div class=\"elementor-widget-wrap\">\n\t\t\t\t\t\t<div class=\"elementor-element elementor-element-1648356e elementor-widget elementor-widget-heading\" data-id=\"1648356e\" data-element_type=\"widget\" data-widget_type=\"heading.default\">\n\t\t\t\t<div class=\"elementor-widget-container\">\n\t\t\t<h3 class=\"elementor-heading-title elementor-size-default\">Vacantes Tijuana, B.C.<\/h3>\t\t<\/div>\n\t\t\t\t<\/div>\n\t\t\t\t<div class=\"elementor-element elementor-element-f27e9fc job_accordion_container elementor-widget elementor-widget-eael-adv-accordion\" data-id=\"f27e9fc\" data-element_type=\"widget\" data-widget_type=\"eael-adv-accordion.default\">\n\t\t\t\t<div class=\"elementor-widget-container\">\n\t\t\t        <div class=\"eael-adv-accordion\" id=\"eael-adv-accordion-f27e9fc\" data-accordion-id=\"f27e9fc\" data-accordion-type=\"toggle\" data-toogle-speed=\"300\">\n    <div class=\"eael-accordion-list\">\n                <div id=\"elementor-tab-title-2541\" class=\"elementor-tab-title eael-accordion-header\" tabindex=\"2541\" data-tab=\"1\" role=\"tab\" aria-controls=\"elementor-tab-content-2541\"><span class=\"eael-accordion-tab-title\">Operaci\u00f3n Binacional - California | Tijuana, B.C.<\/span><i class=\"fas fa-angle-right fa-toggle\"><\/i><\/div><div id=\"elementor-tab-content-2541\" class=\"eael-accordion-content clearfix\" data-tab=\"1\" role=\"tabpanel\" aria-labelledby=\"elementor-tab-title-2541\"><p><p><strong class=\"job_accordion_subtitle\">Requerimientos:<\/strong><\/p><ul><li>Licencia Federal con al menos 1 a\u00f1o de antig\u00fcedad<\/li><li>3 a\u00f1os de experiencia<\/li><li>FAST<\/li><li>Visa<\/li><li>Licencia binacional<\/li><li>Record del DMV Limpio\u00a0<\/li><\/ul><p><a href=\"#\" class=\"su-button su-button-style-default btn_apply btn_apply_operador_tij\" style=\"color:#FFFFFF;background-color:#1825AA;border-color:#141e88;border-radius:0px;-moz-border-radius:0px;-webkit-border-radius:0px\" target=\"_self\"><span style=\"color:#FFFFFF;padding:0px 16px;font-size:13px;line-height:26px;border-color:#5e67c4;border-radius:0px;-moz-border-radius:0px;-webkit-border-radius:0px;text-shadow:none;-moz-text-shadow:none;-webkit-text-shadow:none\"> APLICAR<\/span><\/a><\/p><\/p><\/div>\n                <\/div><\/div>\t\t<\/div>\n\t\t\t\t<\/div>\n\t\t\t\t\t\t<\/div>\n\t\t\t\t\t<\/div>\n\t\t<\/div>\n\t\t\t\t\t\t\t\t<\/div>\n\t\t\t\t\t<\/div>\n\t\t<\/section>\n\t\t\t\t<section class=\"elementor-section elementor-top-section elementor-element elementor-element-629782fe elementor-section-stretched elementor-section-full_width section_job_accordion elementor-section-height-default elementor-section-height-default\" data-id=\"629782fe\" data-element_type=\"section\" data-settings=\"{&quot;stretch_section&quot;:&quot;section-stretched&quot;,&quot;background_background&quot;:&quot;classic&quot;}\">\n\t\t\t\t\t\t<div class=\"elementor-container elementor-column-gap-default\">\n\t\t\t\t\t\t\t<div class=\"elementor-row\">\n\t\t\t\t\t<div class=\"elementor-column elementor-col-100 elementor-top-column elementor-element elementor-element-18f4a804\" data-id=\"18f4a804\" data-element_type=\"column\">\n\t\t\t<div class=\"elementor-column-wrap elementor-element-populated\">\n\t\t\t\t\t\t\t<div class=\"elementor-widget-wrap\">\n\t\t\t\t\t\t<div class=\"elementor-element elementor-element-334ac31 elementor-widget elementor-widget-heading\" data-id=\"334ac31\" data-element_type=\"widget\" data-widget_type=\"heading.default\">\n\t\t\t\t<div class=\"elementor-widget-container\">\n\t\t\t<h3 class=\"elementor-heading-title elementor-size-default\">Vacantes Ensenada, B.C.<\/h3>\t\t<\/div>\n\t\t\t\t<\/div>\n\t\t\t\t<div class=\"elementor-element elementor-element-993236f job_accordion_container elementor-widget elementor-widget-eael-adv-accordion\" data-id=\"993236f\" data-element_type=\"widget\" data-widget_type=\"eael-adv-accordion.default\">\n\t\t\t\t<div class=\"elementor-widget-container\">\n\t\t\t        <div class=\"eael-adv-accordion\" id=\"eael-adv-accordion-993236f\" data-accordion-id=\"993236f\" data-accordion-type=\"toggle\" data-toogle-speed=\"300\">\n    <div class=\"eael-accordion-list\">\n                <div id=\"elementor-tab-title-1601\" class=\"elementor-tab-title eael-accordion-header\" tabindex=\"1601\" data-tab=\"1\" role=\"tab\" aria-controls=\"elementor-tab-content-1601\"><span class=\"eael-accordion-tab-title\">Servicio al cliente (Temporal) | Ensenada, B.C.<\/span><i class=\"fas fa-angle-right fa-toggle\"><\/i><\/div><div id=\"elementor-tab-content-1601\" class=\"eael-accordion-content clearfix\" data-tab=\"1\" role=\"tabpanel\" aria-labelledby=\"elementor-tab-title-1601\"><p><p><strong>Requisitos \/ Conocimientos:<\/strong><\/p><ul><li>Manejo de documentos (Evidencias)<\/li><li>Capturas de viajes<\/li><li>Atenci\u00f3n a Operadores<\/li><li>Atenci\u00f3n al Cliente<\/li><li>Disposici\u00f3n de horario<\/li><li>Edad de 25 a 40 a\u00f1os<\/li><li>Lic. en Comercio Exterior, negocios o af\u00edn<\/li><\/ul><p><strong>Aptitudes \/ Fortalezas:<\/strong><\/p><ul><li>Actitud de servicio<\/li><li>Liderazgo<\/li><li>Honestidad<\/li><li>Proactivo<\/li><\/ul><p><a href=\"#\" class=\"su-button su-button-style-default btn_apply_administrativo_ens btn_apply\" style=\"color:#FFFFFF;background-color:#1825AA;border-color:#141e88;border-radius:0px;-moz-border-radius:0px;-webkit-border-radius:0px\" target=\"_self\"><span style=\"color:#FFFFFF;padding:0px 16px;font-size:13px;line-height:26px;border-color:#5e67c4;border-radius:0px;-moz-border-radius:0px;-webkit-border-radius:0px;text-shadow:none;-moz-text-shadow:none;-webkit-text-shadow:none\"> APLICAR<\/span><\/a><\/p><\/p><\/div>\n                <\/div><\/div>\t\t<\/div>\n\t\t\t\t<\/div>\n\t\t\t\t\t\t<\/div>\n\t\t\t\t\t<\/div>\n\t\t<\/div>\n\t\t\t\t\t\t\t\t<\/div>\n\t\t\t\t\t<\/div>\n\t\t<\/section>\n\t\t\t\t\t\t<\/div>\n\t\t\t\t\t\t<\/div>\n\t\t\t\t\t<\/div>\n\t\t","protected":false},"excerpt":{"rendered":"<p>Trabaja con nosotros. En la siguiente lista, puede encontrar puestos de trabajo publicados por nosotros para usted, haga clic en los puestos que le interesan, complete el formulario, adjunte su curriculum y env\u00ede su solicitud. Vacantes Mexicali, B.C. Operador Tractocami\u00f3n Local | Mexicali, B.C. DLR Autotransportes Matriz Mexicali solicita operador de tractocami\u00f3n Local. Requerimientos: Experiencia &hellip; <a href=\"https:\/\/www.dlrautotransportes.net\/bolsadetrabajo\/\" class=\"more-link\">Continue reading<span class=\"screen-reader-text\"> &#8220;Home&#8221;<\/span><\/a><\/p>\n","protected":false},"author":1,"featured_media":0,"parent":0,"menu_order":0,"comment_status":"closed","ping_status":"closed","template":"","meta":[],"_links":{"self":[{"href":"https:\/\/www.dlrautotransportes.net\/bolsadetrabajo\/wp-json\/wp\/v2\/pages\/527"}],"collection":[{"href":"https:\/\/www.dlrautotransportes.net\/bolsadetrabajo\/wp-json\/wp\/v2\/pages"}],"about":[{"href":"https:\/\/www.dlrautotransportes.net\/bolsadetrabajo\/wp-json\/wp\/v2\/types\/page"}],"author":[{"embeddable":true,"href":"https:\/\/www.dlrautotransportes.net\/bolsadetrabajo\/wp-json\/wp\/v2\/users\/1"}],"replies":[{"embeddable":true,"href":"https:\/\/www.dlrautotransportes.net\/bolsadetrabajo\/wp-json\/wp\/v2\/comments?post=527"}],"version-history":[{"count":84,"href":"https:\/\/www.dlrautotransportes.net\/bolsadetrabajo\/wp-json\/wp\/v2\/pages\/527\/revisions"}],"predecessor-version":[{"id":825,"href":"https:\/\/www.dlrautotransportes.net\/bolsadetrabajo\/wp-json\/wp\/v2\/pages\/527\/revisions\/825"}],"wp:attachment":[{"href":"https:\/\/www.dlrautotransportes.net\/bolsadetrabajo\/wp-json\/wp\/v2\/media?parent=527"}],"curies":[{"name":"wp","href":"https:\/\/api.w.org\/{rel}","templated":true}]}}