{"id":83,"date":"2019-07-18T22:48:26","date_gmt":"2019-07-19T05:48:26","guid":{"rendered":"http:\/\/www.dlrautotransportes.net\/blog\/?page_id=83"},"modified":"2021-01-19T18:54:20","modified_gmt":"2021-01-20T02:54:20","slug":"home","status":"publish","type":"page","link":"https:\/\/www.dlrautotransportes.net\/blog\/","title":{"rendered":"Blog"},"content":{"rendered":"\t\t<div data-elementor-type=\"wp-post\" data-elementor-id=\"83\" class=\"elementor elementor-83\" data-elementor-settings=\"[]\">\n\t\t\t\t\t\t<div class=\"elementor-inner\">\n\t\t\t\t\t\t\t<div class=\"elementor-section-wrap\">\n\t\t\t\t\t\t\t<section class=\"elementor-section elementor-top-section elementor-element elementor-element-c00a445 elementor-section-boxed elementor-section-height-default elementor-section-height-default\" data-id=\"c00a445\" data-element_type=\"section\">\n\t\t\t\t\t\t<div class=\"elementor-container elementor-column-gap-default\">\n\t\t\t\t\t\t\t<div class=\"elementor-row\">\n\t\t\t\t\t<div class=\"elementor-column elementor-col-100 elementor-top-column elementor-element elementor-element-9e2b670\" data-id=\"9e2b670\" data-element_type=\"column\">\n\t\t\t<div class=\"elementor-column-wrap elementor-element-populated\">\n\t\t\t\t\t\t\t<div class=\"elementor-widget-wrap\">\n\t\t\t\t\t\t<div class=\"elementor-element elementor-element-732b52f elementor-widget elementor-widget-shortcode\" data-id=\"732b52f\" data-element_type=\"widget\" data-widget_type=\"shortcode.default\">\n\t\t\t\t<div class=\"elementor-widget-container\">\n\t\t\t\t\t<div class=\"elementor-shortcode\"><div class=\"pt-cv-wrapper\"><div class=\"pt-cv-view pt-cv-grid pt-cv-colsys\" id=\"pt-cv-view-9ea7a9bt57\"><div data-id=\"pt-cv-page-1\" class=\"pt-cv-page\" data-cvc=\"1\"><div class=\"col-md-12 col-sm-12 col-xs-12 pt-cv-content-item pt-cv-2-col\" ><div class='pt-cv-ifield'><a href=\"https:\/\/www.dlrautotransportes.net\/blog\/aniversario-20-anos\/\" class=\"_blank pt-cv-href-thumbnail pt-cv-thumb-left\" target=\"_blank\" ><img width=\"650\" height=\"650\" src=\"https:\/\/www.dlrautotransportes.net\/blog\/wp-content\/uploads\/2025\/04\/20aniversario-650x650.png\" class=\"pt-cv-thumbnail pull-left\" alt=\"\" loading=\"lazy\" srcset=\"https:\/\/www.dlrautotransportes.net\/blog\/wp-content\/uploads\/2025\/04\/20aniversario-650x650.png 650w, https:\/\/www.dlrautotransportes.net\/blog\/wp-content\/uploads\/2025\/04\/20aniversario-500x500.png 500w, https:\/\/www.dlrautotransportes.net\/blog\/wp-content\/uploads\/2025\/04\/20aniversario-538x538.png 538w, https:\/\/www.dlrautotransportes.net\/blog\/wp-content\/uploads\/2025\/04\/20aniversario-768x768.png 768w, https:\/\/www.dlrautotransportes.net\/blog\/wp-content\/uploads\/2025\/04\/20aniversario-120x120.png 120w, https:\/\/www.dlrautotransportes.net\/blog\/wp-content\/uploads\/2025\/04\/20aniversario.png 851w\" sizes=\"(max-width: 709px) 85vw, (max-width: 909px) 67vw, (max-width: 984px) 61vw, (max-width: 1362px) 45vw, 600px\" \/><\/a>\n<div class=\"pt-cv-colwrap\"><h4 class=\"pt-cv-title\"><a href=\"https:\/\/www.dlrautotransportes.net\/blog\/aniversario-20-anos\/\" class=\"_blank\" target=\"_blank\" >Aniversario 20 A\u00f1os<\/a><\/h4><div class=\"pt-cv-content\">Te compartimos las fotos de nuestro evento de 20 a\u00f1os ...<br \/><a href=\"https:\/\/www.dlrautotransportes.net\/blog\/aniversario-20-anos\/\" class=\"_blank pt-cv-readmore btn btn-success\" target=\"_blank\">Leer m\u00e1s<\/a><\/div><div class=\"pt-cv-meta-fields\"><span class=\"entry-date\"> <time datetime=\"2025-04-28T13:21:30-07:00\">28 abril 2025<\/time><\/span><\/div><\/div><\/div><\/div><\/div><\/div><\/div><\/div>\n\t\t\t\t<\/div>\n\t\t\t\t<\/div>\n\t\t\t\t\t\t<\/div>\n\t\t\t\t\t<\/div>\n\t\t<\/div>\n\t\t\t\t\t\t\t\t<\/div>\n\t\t\t\t\t<\/div>\n\t\t<\/section>\n\t\t\t\t<section class=\"elementor-section elementor-top-section elementor-element elementor-element-135b6ed elementor-section-boxed elementor-section-height-default elementor-section-height-default\" data-id=\"135b6ed\" data-element_type=\"section\">\n\t\t\t\t\t\t<div class=\"elementor-container elementor-column-gap-default\">\n\t\t\t\t\t\t\t<div class=\"elementor-row\">\n\t\t\t\t\t<div class=\"elementor-column elementor-col-100 elementor-top-column elementor-element elementor-element-d660c49\" data-id=\"d660c49\" data-element_type=\"column\">\n\t\t\t<div class=\"elementor-column-wrap elementor-element-populated\">\n\t\t\t\t\t\t\t<div class=\"elementor-widget-wrap\">\n\t\t\t\t\t\t<div class=\"elementor-element elementor-element-d26c382 elementor-widget elementor-widget-obfx-posts-grid\" data-id=\"d26c382\" data-element_type=\"widget\" data-widget_type=\"obfx-posts-grid.default\">\n\t\t\t\t<div class=\"elementor-widget-container\">\n\t\t\t<div class=\"obfx-grid\"><div class=\"obfx-grid-container obfx-grid-mobile-1 obfx-grid-tablet-2 obfx-grid-desktop-3\"><div class=\"obfx-grid-wrapper\"><article class=\"obfx-grid-col\">\t\t\t\t\t<div class=\"obfx-grid-col-image\">\n\t\t\t\t\t\t<a href=\"https:\/\/www.dlrautotransportes.net\/blog\/aniversario-20-anos\/\" title=\"Aniversario 20 A\u00f1os\">\n\t\t\t\t\t\t\t<img width=\"851\" height=\"851\" src=\"https:\/\/www.dlrautotransportes.net\/blog\/wp-content\/uploads\/2025\/04\/20aniversario.png\" class=\"img-responsive wp-post-image\" alt=\"20aniversario\" loading=\"lazy\" srcset=\"https:\/\/www.dlrautotransportes.net\/blog\/wp-content\/uploads\/2025\/04\/20aniversario.png 851w, https:\/\/www.dlrautotransportes.net\/blog\/wp-content\/uploads\/2025\/04\/20aniversario-500x500.png 500w, https:\/\/www.dlrautotransportes.net\/blog\/wp-content\/uploads\/2025\/04\/20aniversario-650x650.png 650w, https:\/\/www.dlrautotransportes.net\/blog\/wp-content\/uploads\/2025\/04\/20aniversario-538x538.png 538w, https:\/\/www.dlrautotransportes.net\/blog\/wp-content\/uploads\/2025\/04\/20aniversario-768x768.png 768w, https:\/\/www.dlrautotransportes.net\/blog\/wp-content\/uploads\/2025\/04\/20aniversario-120x120.png 120w\" sizes=\"(max-width: 709px) 85vw, (max-width: 909px) 67vw, (max-width: 1362px) 62vw, 840px\" \/>\t\t\t\t\t\t<\/a>\n\t\t\t\t\t<\/div>\n\t\t\t\t<div class=\"obfx-grid-col-content\">\t\t\t<h1 class=\"entry-title obfx-grid-title\">\n\t\t\t\t\t\t\t<a href=\"https:\/\/www.dlrautotransportes.net\/blog\/aniversario-20-anos\/\" title=\"Aniversario 20 A\u00f1os\">\n\t\t\t\t\tAniversario 20 A\u00f1os\t\t\t\t<\/a>\n\t\t\t\t\t\t\t<\/h1>\n\t\t\t\t\t\t\t<div class=\"entry-meta obfx-grid-meta\">\n\n\t\t\t\t\t\t\t\t\t\t\t\t\t<span class=\"obfx-grid-date\">\n\t\t\t\t\t\t\t\t\t28 abril 2025\t\t\t\t\t\t\t\t<\/span>\n\t\t\t\t\t\t\t\t\n\t\t\t\t<\/div>\n\t\t\t\t\t\t\t<div class=\"obfx-grid-footer\">\n\t\t\t\t<a href=\"https:\/\/www.dlrautotransportes.net\/blog\/aniversario-20-anos\/\"\n\t\t\t\t   title=\"Leer m\u00e1s\">Leer m\u00e1s<\/a>\n\t\t\t<\/div>\n\t\t\t<\/div><!-- .obfx-grid-col-content --><\/article><\/div><div class=\"obfx-grid-wrapper\"><article class=\"obfx-grid-col\">\t\t\t\t\t<div class=\"obfx-grid-col-image\">\n\t\t\t\t\t\t<a href=\"https:\/\/www.dlrautotransportes.net\/blog\/feliz-dia-del-padre\/\" title=\"\u00a1Feliz d\u00eda del padre!\">\n\t\t\t\t\t\t\t<img width=\"1080\" height=\"1080\" src=\"https:\/\/www.dlrautotransportes.net\/blog\/wp-content\/uploads\/2024\/07\/Instagram-post-dia-del-padre-creativo-azul-3.png\" class=\"img-responsive wp-post-image\" alt=\"Instagram post d\u00eda del padre creativo azul (3)\" loading=\"lazy\" srcset=\"https:\/\/www.dlrautotransportes.net\/blog\/wp-content\/uploads\/2024\/07\/Instagram-post-dia-del-padre-creativo-azul-3.png 1080w, https:\/\/www.dlrautotransportes.net\/blog\/wp-content\/uploads\/2024\/07\/Instagram-post-dia-del-padre-creativo-azul-3-500x500.png 500w, https:\/\/www.dlrautotransportes.net\/blog\/wp-content\/uploads\/2024\/07\/Instagram-post-dia-del-padre-creativo-azul-3-650x650.png 650w, https:\/\/www.dlrautotransportes.net\/blog\/wp-content\/uploads\/2024\/07\/Instagram-post-dia-del-padre-creativo-azul-3-538x538.png 538w, https:\/\/www.dlrautotransportes.net\/blog\/wp-content\/uploads\/2024\/07\/Instagram-post-dia-del-padre-creativo-azul-3-768x768.png 768w, https:\/\/www.dlrautotransportes.net\/blog\/wp-content\/uploads\/2024\/07\/Instagram-post-dia-del-padre-creativo-azul-3-120x120.png 120w\" sizes=\"(max-width: 709px) 85vw, (max-width: 909px) 67vw, (max-width: 1362px) 62vw, 840px\" \/>\t\t\t\t\t\t<\/a>\n\t\t\t\t\t<\/div>\n\t\t\t\t<div class=\"obfx-grid-col-content\">\t\t\t<h1 class=\"entry-title obfx-grid-title\">\n\t\t\t\t\t\t\t<a href=\"https:\/\/www.dlrautotransportes.net\/blog\/feliz-dia-del-padre\/\" title=\"\u00a1Feliz d\u00eda del padre!\">\n\t\t\t\t\t\u00a1Feliz d\u00eda del padre!\t\t\t\t<\/a>\n\t\t\t\t\t\t\t<\/h1>\n\t\t\t\t\t\t\t<div class=\"entry-meta obfx-grid-meta\">\n\n\t\t\t\t\t\t\t\t\t\t\t\t\t<span class=\"obfx-grid-date\">\n\t\t\t\t\t\t\t\t\t2 julio 2024\t\t\t\t\t\t\t\t<\/span>\n\t\t\t\t\t\t\t\t\n\t\t\t\t<\/div>\n\t\t\t\t\t\t\t<div class=\"obfx-grid-footer\">\n\t\t\t\t<a href=\"https:\/\/www.dlrautotransportes.net\/blog\/feliz-dia-del-padre\/\"\n\t\t\t\t   title=\"Leer m\u00e1s\">Leer m\u00e1s<\/a>\n\t\t\t<\/div>\n\t\t\t<\/div><!-- .obfx-grid-col-content --><\/article><\/div><div class=\"obfx-grid-wrapper\"><article class=\"obfx-grid-col\">\t\t\t\t\t<div class=\"obfx-grid-col-image\">\n\t\t\t\t\t\t<a href=\"https:\/\/www.dlrautotransportes.net\/blog\/master-truck-tijuana-2024%f0%9f%8e%96%ef%b8%8f\/\" title=\"Master Truck Tijuana 2024\ud83c\udf96\ufe0f\">\n\t\t\t\t\t\t\t<img width=\"1200\" height=\"1600\" src=\"https:\/\/www.dlrautotransportes.net\/blog\/wp-content\/uploads\/2024\/06\/WhatsApp-Image-2024-06-08-at-6.19.22-PM-1.jpeg\" class=\"img-responsive wp-post-image\" alt=\"WhatsApp-Image-2024-06-08-at-6.19.22-PM-1\" loading=\"lazy\" srcset=\"https:\/\/www.dlrautotransportes.net\/blog\/wp-content\/uploads\/2024\/06\/WhatsApp-Image-2024-06-08-at-6.19.22-PM-1.jpeg 1200w, https:\/\/www.dlrautotransportes.net\/blog\/wp-content\/uploads\/2024\/06\/WhatsApp-Image-2024-06-08-at-6.19.22-PM-1-500x667.jpeg 500w, https:\/\/www.dlrautotransportes.net\/blog\/wp-content\/uploads\/2024\/06\/WhatsApp-Image-2024-06-08-at-6.19.22-PM-1-650x867.jpeg 650w, https:\/\/www.dlrautotransportes.net\/blog\/wp-content\/uploads\/2024\/06\/WhatsApp-Image-2024-06-08-at-6.19.22-PM-1-404x538.jpeg 404w, https:\/\/www.dlrautotransportes.net\/blog\/wp-content\/uploads\/2024\/06\/WhatsApp-Image-2024-06-08-at-6.19.22-PM-1-768x1024.jpeg 768w, https:\/\/www.dlrautotransportes.net\/blog\/wp-content\/uploads\/2024\/06\/WhatsApp-Image-2024-06-08-at-6.19.22-PM-1-1152x1536.jpeg 1152w\" sizes=\"(max-width: 709px) 85vw, (max-width: 909px) 67vw, (max-width: 1362px) 62vw, 840px\" \/>\t\t\t\t\t\t<\/a>\n\t\t\t\t\t<\/div>\n\t\t\t\t<div class=\"obfx-grid-col-content\">\t\t\t<h1 class=\"entry-title obfx-grid-title\">\n\t\t\t\t\t\t\t<a href=\"https:\/\/www.dlrautotransportes.net\/blog\/master-truck-tijuana-2024%f0%9f%8e%96%ef%b8%8f\/\" title=\"Master Truck Tijuana 2024\ud83c\udf96\ufe0f\">\n\t\t\t\t\tMaster Truck Tijuana 2024\ud83c\udf96\ufe0f\t\t\t\t<\/a>\n\t\t\t\t\t\t\t<\/h1>\n\t\t\t\t\t\t\t<div class=\"entry-meta obfx-grid-meta\">\n\n\t\t\t\t\t\t\t\t\t\t\t\t\t<span class=\"obfx-grid-date\">\n\t\t\t\t\t\t\t\t\t10 junio 2024\t\t\t\t\t\t\t\t<\/span>\n\t\t\t\t\t\t\t\t\n\t\t\t\t<\/div>\n\t\t\t\t\t\t\t<div class=\"obfx-grid-footer\">\n\t\t\t\t<a href=\"https:\/\/www.dlrautotransportes.net\/blog\/master-truck-tijuana-2024%f0%9f%8e%96%ef%b8%8f\/\"\n\t\t\t\t   title=\"Leer m\u00e1s\">Leer m\u00e1s<\/a>\n\t\t\t<\/div>\n\t\t\t<\/div><!-- .obfx-grid-col-content --><\/article><\/div><div class=\"obfx-grid-wrapper\"><article class=\"obfx-grid-col\">\t\t\t\t\t<div class=\"obfx-grid-col-image\">\n\t\t\t\t\t\t<a href=\"https:\/\/www.dlrautotransportes.net\/blog\/feliz-dia-de-las-madres\/\" title=\"\u00a1Feliz d\u00eda de las madres!\">\n\t\t\t\t\t\t\t<img width=\"1200\" height=\"1600\" src=\"https:\/\/www.dlrautotransportes.net\/blog\/wp-content\/uploads\/2024\/05\/WhatsApp-Image-2024-05-14-at-10.44.05-AM-1.jpeg\" class=\"img-responsive wp-post-image\" alt=\"WhatsApp-Image-2024-05-14-at-10.44.05-AM-1\" loading=\"lazy\" srcset=\"https:\/\/www.dlrautotransportes.net\/blog\/wp-content\/uploads\/2024\/05\/WhatsApp-Image-2024-05-14-at-10.44.05-AM-1.jpeg 1200w, https:\/\/www.dlrautotransportes.net\/blog\/wp-content\/uploads\/2024\/05\/WhatsApp-Image-2024-05-14-at-10.44.05-AM-1-500x667.jpeg 500w, https:\/\/www.dlrautotransportes.net\/blog\/wp-content\/uploads\/2024\/05\/WhatsApp-Image-2024-05-14-at-10.44.05-AM-1-650x867.jpeg 650w, https:\/\/www.dlrautotransportes.net\/blog\/wp-content\/uploads\/2024\/05\/WhatsApp-Image-2024-05-14-at-10.44.05-AM-1-404x538.jpeg 404w, https:\/\/www.dlrautotransportes.net\/blog\/wp-content\/uploads\/2024\/05\/WhatsApp-Image-2024-05-14-at-10.44.05-AM-1-768x1024.jpeg 768w, https:\/\/www.dlrautotransportes.net\/blog\/wp-content\/uploads\/2024\/05\/WhatsApp-Image-2024-05-14-at-10.44.05-AM-1-1152x1536.jpeg 1152w\" sizes=\"(max-width: 709px) 85vw, (max-width: 909px) 67vw, (max-width: 1362px) 62vw, 840px\" \/>\t\t\t\t\t\t<\/a>\n\t\t\t\t\t<\/div>\n\t\t\t\t<div class=\"obfx-grid-col-content\">\t\t\t<h1 class=\"entry-title obfx-grid-title\">\n\t\t\t\t\t\t\t<a href=\"https:\/\/www.dlrautotransportes.net\/blog\/feliz-dia-de-las-madres\/\" title=\"\u00a1Feliz d\u00eda de las madres!\">\n\t\t\t\t\t\u00a1Feliz d\u00eda de las madres!\t\t\t\t<\/a>\n\t\t\t\t\t\t\t<\/h1>\n\t\t\t\t\t\t\t<div class=\"entry-meta obfx-grid-meta\">\n\n\t\t\t\t\t\t\t\t\t\t\t\t\t<span class=\"obfx-grid-date\">\n\t\t\t\t\t\t\t\t\t21 mayo 2024\t\t\t\t\t\t\t\t<\/span>\n\t\t\t\t\t\t\t\t\n\t\t\t\t<\/div>\n\t\t\t\t\t\t\t<div class=\"obfx-grid-footer\">\n\t\t\t\t<a href=\"https:\/\/www.dlrautotransportes.net\/blog\/feliz-dia-de-las-madres\/\"\n\t\t\t\t   title=\"Leer m\u00e1s\">Leer m\u00e1s<\/a>\n\t\t\t<\/div>\n\t\t\t<\/div><!-- .obfx-grid-col-content --><\/article><\/div><div class=\"obfx-grid-wrapper\"><article class=\"obfx-grid-col\">\t\t\t\t\t<div class=\"obfx-grid-col-image\">\n\t\t\t\t\t\t<a href=\"https:\/\/www.dlrautotransportes.net\/blog\/dia-del-nin\/\" title=\"D\u00eda del ni\u00f1@\">\n\t\t\t\t\t\t\t<img width=\"1600\" height=\"1200\" src=\"https:\/\/www.dlrautotransportes.net\/blog\/wp-content\/uploads\/2024\/05\/d9fb5bd4-c7f3-44a7-a955-26f0d8a134f7.jpg\" class=\"img-responsive wp-post-image\" alt=\"d9fb5bd4-c7f3-44a7-a955-26f0d8a134f7\" loading=\"lazy\" srcset=\"https:\/\/www.dlrautotransportes.net\/blog\/wp-content\/uploads\/2024\/05\/d9fb5bd4-c7f3-44a7-a955-26f0d8a134f7.jpg 1600w, https:\/\/www.dlrautotransportes.net\/blog\/wp-content\/uploads\/2024\/05\/d9fb5bd4-c7f3-44a7-a955-26f0d8a134f7-500x375.jpg 500w, https:\/\/www.dlrautotransportes.net\/blog\/wp-content\/uploads\/2024\/05\/d9fb5bd4-c7f3-44a7-a955-26f0d8a134f7-650x488.jpg 650w, https:\/\/www.dlrautotransportes.net\/blog\/wp-content\/uploads\/2024\/05\/d9fb5bd4-c7f3-44a7-a955-26f0d8a134f7-717x538.jpg 717w, https:\/\/www.dlrautotransportes.net\/blog\/wp-content\/uploads\/2024\/05\/d9fb5bd4-c7f3-44a7-a955-26f0d8a134f7-768x576.jpg 768w, https:\/\/www.dlrautotransportes.net\/blog\/wp-content\/uploads\/2024\/05\/d9fb5bd4-c7f3-44a7-a955-26f0d8a134f7-1536x1152.jpg 1536w, https:\/\/www.dlrautotransportes.net\/blog\/wp-content\/uploads\/2024\/05\/d9fb5bd4-c7f3-44a7-a955-26f0d8a134f7-1200x900.jpg 1200w\" sizes=\"(max-width: 709px) 85vw, (max-width: 909px) 67vw, (max-width: 1362px) 62vw, 840px\" \/>\t\t\t\t\t\t<\/a>\n\t\t\t\t\t<\/div>\n\t\t\t\t<div class=\"obfx-grid-col-content\">\t\t\t<h1 class=\"entry-title obfx-grid-title\">\n\t\t\t\t\t\t\t<a href=\"https:\/\/www.dlrautotransportes.net\/blog\/dia-del-nin\/\" title=\"D\u00eda del ni\u00f1@\">\n\t\t\t\t\tD\u00eda del ni\u00f1@\t\t\t\t<\/a>\n\t\t\t\t\t\t\t<\/h1>\n\t\t\t\t\t\t\t<div class=\"entry-meta obfx-grid-meta\">\n\n\t\t\t\t\t\t\t\t\t\t\t\t\t<span class=\"obfx-grid-date\">\n\t\t\t\t\t\t\t\t\t21 mayo 2024\t\t\t\t\t\t\t\t<\/span>\n\t\t\t\t\t\t\t\t\n\t\t\t\t<\/div>\n\t\t\t\t\t\t\t<div class=\"obfx-grid-footer\">\n\t\t\t\t<a href=\"https:\/\/www.dlrautotransportes.net\/blog\/dia-del-nin\/\"\n\t\t\t\t   title=\"Leer m\u00e1s\">Leer m\u00e1s<\/a>\n\t\t\t<\/div>\n\t\t\t<\/div><!-- .obfx-grid-col-content --><\/article><\/div><div class=\"obfx-grid-wrapper\"><article class=\"obfx-grid-col\">\t\t\t\t\t<div class=\"obfx-grid-col-image\">\n\t\t\t\t\t\t<a href=\"https:\/\/www.dlrautotransportes.net\/blog\/visita-de-nuestros-amigos-de-hispano-americano\/\" title=\"Visita de nuestros amigos de Hispano Americano\">\n\t\t\t\t\t\t\t<img width=\"1200\" height=\"1600\" src=\"https:\/\/www.dlrautotransportes.net\/blog\/wp-content\/uploads\/2024\/05\/WhatsApp-Image-2024-03-15-at-12.19.24-PM-1-1.jpeg\" class=\"img-responsive wp-post-image\" alt=\"WhatsApp-Image-2024-03-15-at-12.19.24-PM-1-1\" loading=\"lazy\" srcset=\"https:\/\/www.dlrautotransportes.net\/blog\/wp-content\/uploads\/2024\/05\/WhatsApp-Image-2024-03-15-at-12.19.24-PM-1-1.jpeg 1200w, https:\/\/www.dlrautotransportes.net\/blog\/wp-content\/uploads\/2024\/05\/WhatsApp-Image-2024-03-15-at-12.19.24-PM-1-1-500x667.jpeg 500w, https:\/\/www.dlrautotransportes.net\/blog\/wp-content\/uploads\/2024\/05\/WhatsApp-Image-2024-03-15-at-12.19.24-PM-1-1-650x867.jpeg 650w, https:\/\/www.dlrautotransportes.net\/blog\/wp-content\/uploads\/2024\/05\/WhatsApp-Image-2024-03-15-at-12.19.24-PM-1-1-404x538.jpeg 404w, https:\/\/www.dlrautotransportes.net\/blog\/wp-content\/uploads\/2024\/05\/WhatsApp-Image-2024-03-15-at-12.19.24-PM-1-1-768x1024.jpeg 768w, https:\/\/www.dlrautotransportes.net\/blog\/wp-content\/uploads\/2024\/05\/WhatsApp-Image-2024-03-15-at-12.19.24-PM-1-1-1152x1536.jpeg 1152w\" sizes=\"(max-width: 709px) 85vw, (max-width: 909px) 67vw, (max-width: 1362px) 62vw, 840px\" \/>\t\t\t\t\t\t<\/a>\n\t\t\t\t\t<\/div>\n\t\t\t\t<div class=\"obfx-grid-col-content\">\t\t\t<h1 class=\"entry-title obfx-grid-title\">\n\t\t\t\t\t\t\t<a href=\"https:\/\/www.dlrautotransportes.net\/blog\/visita-de-nuestros-amigos-de-hispano-americano\/\" title=\"Visita de nuestros amigos de Hispano Americano\">\n\t\t\t\t\tVisita de nuestros amigos de Hispano Americano\t\t\t\t<\/a>\n\t\t\t\t\t\t\t<\/h1>\n\t\t\t\t\t\t\t<div class=\"entry-meta obfx-grid-meta\">\n\n\t\t\t\t\t\t\t\t\t\t\t\t\t<span class=\"obfx-grid-date\">\n\t\t\t\t\t\t\t\t\t21 mayo 2024\t\t\t\t\t\t\t\t<\/span>\n\t\t\t\t\t\t\t\t\n\t\t\t\t<\/div>\n\t\t\t\t\t\t\t<div class=\"obfx-grid-footer\">\n\t\t\t\t<a href=\"https:\/\/www.dlrautotransportes.net\/blog\/visita-de-nuestros-amigos-de-hispano-americano\/\"\n\t\t\t\t   title=\"Leer m\u00e1s\">Leer m\u00e1s<\/a>\n\t\t\t<\/div>\n\t\t\t<\/div><!-- .obfx-grid-col-content --><\/article><\/div>\t\t\t\t<div class=\"obfx-grid-pagination\">\n\t\t\t\t\t\t\t\t\t\t<nav class=\"pagination\">\n\t\t\t\t\t\t<span aria-current=\"page\" class=\"page-numbers current\">1<\/span>\n<a class=\"page-numbers\" href=\"https:\/\/www.dlrautotransportes.net\/blog\/wp-json\/wp\/v2\/pages\/83\/page\/2\/\">2<\/a>\n<a class=\"page-numbers\" href=\"https:\/\/www.dlrautotransportes.net\/blog\/wp-json\/wp\/v2\/pages\/83\/page\/3\/\">3<\/a>\n<a class=\"page-numbers\" href=\"https:\/\/www.dlrautotransportes.net\/blog\/wp-json\/wp\/v2\/pages\/83\/page\/4\/\">4<\/a>\n<a class=\"next page-numbers\" href=\"https:\/\/www.dlrautotransportes.net\/blog\/wp-json\/wp\/v2\/pages\/83\/page\/2\/\">Next<\/a>\t\t\t\t\t<\/nav>\n\t\t\t\t<\/div>\n\t\t\t\t<\/div><!-- .obfx-grid-container --><\/div><!-- .obfx-grid -->\t\t<\/div>\n\t\t\t\t<\/div>\n\t\t\t\t\t\t<\/div>\n\t\t\t\t\t<\/div>\n\t\t<\/div>\n\t\t\t\t\t\t\t\t<\/div>\n\t\t\t\t\t<\/div>\n\t\t<\/section>\n\t\t\t\t\t\t<\/div>\n\t\t\t\t\t\t<\/div>\n\t\t\t\t\t<\/div>\n\t\t","protected":false},"excerpt":{"rendered":"<p>Medidas 3 19 enero 2021 Leer m\u00e1s Medidas 2 19 enero 2021 Leer m\u00e1s Medidas de prevenci\u00f3n contra COVID-19 en DLR Autotransportes 15 enero 2021 Leer m\u00e1s<\/p>\n","protected":false},"author":1,"featured_media":0,"parent":0,"menu_order":0,"comment_status":"closed","ping_status":"closed","template":"","meta":[],"_links":{"self":[{"href":"https:\/\/www.dlrautotransportes.net\/blog\/wp-json\/wp\/v2\/pages\/83"}],"collection":[{"href":"https:\/\/www.dlrautotransportes.net\/blog\/wp-json\/wp\/v2\/pages"}],"about":[{"href":"https:\/\/www.dlrautotransportes.net\/blog\/wp-json\/wp\/v2\/types\/page"}],"author":[{"embeddable":true,"href":"https:\/\/www.dlrautotransportes.net\/blog\/wp-json\/wp\/v2\/users\/1"}],"replies":[{"embeddable":true,"href":"https:\/\/www.dlrautotransportes.net\/blog\/wp-json\/wp\/v2\/comments?post=83"}],"version-history":[{"count":56,"href":"https:\/\/www.dlrautotransportes.net\/blog\/wp-json\/wp\/v2\/pages\/83\/revisions"}],"predecessor-version":[{"id":854,"href":"https:\/\/www.dlrautotransportes.net\/blog\/wp-json\/wp\/v2\/pages\/83\/revisions\/854"}],"wp:attachment":[{"href":"https:\/\/www.dlrautotransportes.net\/blog\/wp-json\/wp\/v2\/media?parent=83"}],"curies":[{"name":"wp","href":"https:\/\/api.w.org\/{rel}","templated":true}]}}